{"id":155,"date":"2023-07-17T14:43:11","date_gmt":"2023-07-17T12:43:11","guid":{"rendered":"https:\/\/hbg-net.de\/wordpress\/?page_id=155"},"modified":"2026-01-08T21:53:14","modified_gmt":"2026-01-08T19:53:14","slug":"partyraum","status":"publish","type":"page","link":"https:\/\/hbg-net.de\/wordpress\/?page_id=155","title":{"rendered":"Partyraum"},"content":{"rendered":"\t\t<div data-elementor-type=\"wp-page\" data-elementor-id=\"155\" class=\"elementor elementor-155\">\n\t\t\t\t\t\t<section class=\"elementor-section elementor-top-section elementor-element elementor-element-982128b elementor-section-boxed elementor-section-height-default elementor-section-height-default\" data-id=\"982128b\" data-element_type=\"section\">\n\t\t\t\t\t\t<div class=\"elementor-container elementor-column-gap-default\">\n\t\t\t\t\t<div class=\"elementor-column elementor-col-100 elementor-top-column elementor-element elementor-element-a633555\" data-id=\"a633555\" data-element_type=\"column\">\n\t\t\t<div class=\"elementor-widget-wrap elementor-element-populated\">\n\t\t\t\t\t\t<div class=\"elementor-element elementor-element-2766e9b elementor-tabs-view-vertical elementor-widget elementor-widget-tabs\" data-id=\"2766e9b\" data-element_type=\"widget\" data-widget_type=\"tabs.default\">\n\t\t\t\t<div class=\"elementor-widget-container\">\n\t\t\t\t\t\t\t<div class=\"elementor-tabs\">\n\t\t\t<div class=\"elementor-tabs-wrapper\" role=\"tablist\" >\n\t\t\t\t\t\t\t\t\t<div id=\"elementor-tab-title-4131\" class=\"elementor-tab-title elementor-tab-desktop-title\" aria-selected=\"true\" data-tab=\"1\" role=\"tab\" tabindex=\"0\" aria-controls=\"elementor-tab-content-4131\" aria-expanded=\"false\">Einrichtung<\/div>\n\t\t\t\t\t\t\t\t\t<div id=\"elementor-tab-title-4132\" class=\"elementor-tab-title elementor-tab-desktop-title\" aria-selected=\"false\" data-tab=\"2\" role=\"tab\" tabindex=\"-1\" aria-controls=\"elementor-tab-content-4132\" aria-expanded=\"false\">Ausstattung<\/div>\n\t\t\t\t\t\t\t\t\t<div id=\"elementor-tab-title-4133\" class=\"elementor-tab-title elementor-tab-desktop-title\" aria-selected=\"false\" data-tab=\"3\" role=\"tab\" tabindex=\"-1\" aria-controls=\"elementor-tab-content-4133\" aria-expanded=\"false\">Preise<\/div>\n\t\t\t\t\t\t\t<\/div>\n\t\t\t<div class=\"elementor-tabs-content-wrapper\" role=\"tablist\" aria-orientation=\"vertical\">\n\t\t\t\t\t\t\t\t\t<div class=\"elementor-tab-title elementor-tab-mobile-title\" aria-selected=\"true\" data-tab=\"1\" role=\"tab\" tabindex=\"0\" aria-controls=\"elementor-tab-content-4131\" aria-expanded=\"false\">Einrichtung<\/div>\n\t\t\t\t\t<div id=\"elementor-tab-content-4131\" class=\"elementor-tab-content elementor-clearfix\" data-tab=\"1\" role=\"tabpanel\" aria-labelledby=\"elementor-tab-title-4131\" tabindex=\"0\" hidden=\"false\"><p>Die R\u00e4umlichkeiten sind von der Stra\u00dfenseite her bequem \u00fcber 2 Stufen bzw. \u00fcber eine kleine Rampe f\u00fcr gehbehinderte oder Rollstuhlfahrer zu erreichen.<\/p><p><br><\/p>\n<p><\/p>\n<p>Im Raum befinden sich Sitzpl\u00e4tze f\u00fcr bis zu 30 Personen. Auch ein Kindersitz steht vor Ort zur Verf\u00fcgung.<\/p><p><br><\/p>\n<p><\/p>\n<p>Im Raum befindet sich ebenfalls eine Bar mit 3 Barhockern.<\/p>\n<p><\/p><\/div>\n\t\t\t\t\t\t\t\t\t<div class=\"elementor-tab-title elementor-tab-mobile-title\" aria-selected=\"false\" data-tab=\"2\" role=\"tab\" tabindex=\"-1\" aria-controls=\"elementor-tab-content-4132\" aria-expanded=\"false\">Ausstattung<\/div>\n\t\t\t\t\t<div id=\"elementor-tab-content-4132\" class=\"elementor-tab-content elementor-clearfix\" data-tab=\"2\" role=\"tabpanel\" aria-labelledby=\"elementor-tab-title-4132\" tabindex=\"0\" hidden=\"hidden\"><p><strong>Im Raum frei nutzbar<\/strong><\/p><p>\u00a0<\/p><p><strong>Ger\u00e4te:<\/strong><\/p><ul><li>gro\u00dfe K\u00fchl- und Gefrierkombination<\/li><li>2 Warmhalteplatten<\/li><li>2 Elektro-Kochplatten<\/li><li>1 Tellerw\u00e4rmer<\/li><li>1 Gl\u00fchwein\/Wasserw\u00e4rmer<\/li><li>1 Kaffeemaschine<\/li><li>1 Sp\u00fchlmaschine<\/li><li>1 Microwelle<\/li><\/ul><p><strong>Medienger\u00e4te:<\/strong><\/p><ul><li>Stereo-Anlage mit CD\/DVD Player<\/li><li>Anschlussm\u00f6glichkeit des eigenen Laptops\/Handys \u00fcber HDMI oder Klinke an die Anlage<\/li><li>dratloses Mikrofon<\/li><li>Beamer \/ Leinwand<\/li><li>Discolicht<\/li><\/ul><p>\u00a0<\/p><p><strong>zum Eindecken der Tische:<\/strong><\/p><ul><li>Tafelgeschirr f\u00fcr Mittag \/ Abendessen<\/li><li>Tafelgeschirr f\u00fcr Ihre Kaffeetafel<\/li><li>Sch\u00fcsseln \/ Platten<\/li><li>Gl\u00e4ser<\/li><li>Besteck in ausreichender Menge<\/li><\/ul><\/div>\n\t\t\t\t\t\t\t\t\t<div class=\"elementor-tab-title elementor-tab-mobile-title\" aria-selected=\"false\" data-tab=\"3\" role=\"tab\" tabindex=\"-1\" aria-controls=\"elementor-tab-content-4133\" aria-expanded=\"false\">Preise<\/div>\n\t\t\t\t\t<div id=\"elementor-tab-content-4133\" class=\"elementor-tab-content elementor-clearfix\" data-tab=\"3\" role=\"tabpanel\" aria-labelledby=\"elementor-tab-title-4133\" tabindex=\"0\" hidden=\"hidden\"><p><strong>Die Preise richten sich nach der Nutzungsdauer.<\/strong><\/p>\n<p><\/p>\n<p>der erste Tag : 40,00 \u20ac<\/p>\n<p>jeder weitere Tag 15,00 \u20ac<\/p>\n<p>Nutzung des WLans \u00fcber Gastzugang 5,00 \u20ac (Code wird am Tag der Nutzung bekannt gegeben!)<\/p>\n<p><\/p>\n<p>In der Regel werden immer 2 Tage inklusive Aufbau und<\/p>\n<p>Reinigung von den meisten Personen in Anspruch genommen.<\/p>\n<p>Der Raum ist in einem gereinigten aufger\u00e4umten Zustand wieder ab zu geben.<\/p>\n<p><\/p><\/div>\n\t\t\t\t\t\t\t<\/div>\n\t\t<\/div>\n\t\t\t\t\t\t<\/div>\n\t\t\t\t<\/div>\n\t\t\t\t\t<\/div>\n\t\t<\/div>\n\t\t\t\t\t<\/div>\n\t\t<\/section>\n\t\t\t\t<\/div>\n\t\t","protected":false},"excerpt":{"rendered":"<p>Einrichtung Ausstattung Preise Einrichtung Die R\u00e4umlichkeiten sind von der Stra\u00dfenseite her bequem \u00fcber 2 Stufen bzw. \u00fcber eine kleine Rampe f\u00fcr gehbehinderte oder Rollstuhlfahrer zu erreichen. Im Raum befinden sich Sitzpl\u00e4tze f\u00fcr bis zu 30 Personen. Auch ein Kindersitz steht vor Ort zur Verf\u00fcgung. Im Raum befindet sich ebenfalls eine Bar mit 3 Barhockern. Ausstattung [&hellip;]<\/p>\n","protected":false},"author":1,"featured_media":0,"parent":0,"menu_order":0,"comment_status":"closed","ping_status":"closed","template":"","meta":{"wprm-recipe-roundup-name":"","wprm-recipe-roundup-description":"","footnotes":""},"class_list":["post-155","page","type-page","status-publish","hentry"],"jetpack_sharing_enabled":true,"_links":{"self":[{"href":"https:\/\/hbg-net.de\/wordpress\/index.php?rest_route=\/wp\/v2\/pages\/155","targetHints":{"allow":["GET"]}}],"collection":[{"href":"https:\/\/hbg-net.de\/wordpress\/index.php?rest_route=\/wp\/v2\/pages"}],"about":[{"href":"https:\/\/hbg-net.de\/wordpress\/index.php?rest_route=\/wp\/v2\/types\/page"}],"author":[{"embeddable":true,"href":"https:\/\/hbg-net.de\/wordpress\/index.php?rest_route=\/wp\/v2\/users\/1"}],"replies":[{"embeddable":true,"href":"https:\/\/hbg-net.de\/wordpress\/index.php?rest_route=%2Fwp%2Fv2%2Fcomments&post=155"}],"version-history":[{"count":32,"href":"https:\/\/hbg-net.de\/wordpress\/index.php?rest_route=\/wp\/v2\/pages\/155\/revisions"}],"predecessor-version":[{"id":326,"href":"https:\/\/hbg-net.de\/wordpress\/index.php?rest_route=\/wp\/v2\/pages\/155\/revisions\/326"}],"wp:attachment":[{"href":"https:\/\/hbg-net.de\/wordpress\/index.php?rest_route=%2Fwp%2Fv2%2Fmedia&parent=155"}],"curies":[{"name":"wp","href":"https:\/\/api.w.org\/{rel}","templated":true}]}}